{"id":348,"date":"2025-02-25T12:34:03","date_gmt":"2025-02-25T11:34:03","guid":{"rendered":"https:\/\/apam-asso.fr\/?page_id=348"},"modified":"2026-03-03T08:35:24","modified_gmt":"2026-03-03T07:35:24","slug":"cr","status":"publish","type":"page","link":"https:\/\/apam-asso.fr\/index.php\/cr\/","title":{"rendered":"C.R."},"content":{"rendered":"\t\t<div data-elementor-type=\"wp-page\" data-elementor-id=\"348\" class=\"elementor elementor-348\">\n\t\t\t\t<div class=\"elementor-element elementor-element-c3871d8 e-con-full e-flex e-con e-parent\" data-id=\"c3871d8\" data-element_type=\"container\" data-e-type=\"container\">\n\t\t<div class=\"elementor-element elementor-element-c8f8076 e-con-full e-flex e-con e-child\" data-id=\"c8f8076\" data-element_type=\"container\" data-e-type=\"container\">\n\t\t\t\t<div class=\"elementor-element elementor-element-87895d1 elementor-widget elementor-widget-heading\" data-id=\"87895d1\" data-element_type=\"widget\" data-e-type=\"widget\" data-widget_type=\"heading.default\">\n\t\t\t\t<div class=\"elementor-widget-container\">\n\t\t\t\t\t<h2 class=\"elementor-heading-title elementor-size-default\">Section CENTRE DE RECHERCHE<\/h2>\t\t\t\t<\/div>\n\t\t\t\t<\/div>\n\t\t\t\t<\/div>\n\t\t\t\t<div class=\"elementor-element elementor-element-85c9499 e-transform elementor-widget__width-initial elementor-widget elementor-widget-html\" data-id=\"85c9499\" data-element_type=\"widget\" data-e-type=\"widget\" data-settings=\"{&quot;_transform_scale_effect&quot;:{&quot;unit&quot;:&quot;px&quot;,&quot;size&quot;:1,&quot;sizes&quot;:[]},&quot;_transform_scale_effect_tablet&quot;:{&quot;unit&quot;:&quot;px&quot;,&quot;size&quot;:&quot;&quot;,&quot;sizes&quot;:[]},&quot;_transform_scale_effect_mobile&quot;:{&quot;unit&quot;:&quot;px&quot;,&quot;size&quot;:&quot;&quot;,&quot;sizes&quot;:[]}}\" data-widget_type=\"html.default\">\n\t\t\t\t<div class=\"elementor-widget-container\">\n\t\t\t\t\t<div id=\"date-du-jour\"> _ <\/div>\r\n\r\n<script>\r\ndocument.addEventListener('DOMContentLoaded', function() {\r\n    var options = { year: 'numeric', month: 'long', day: 'numeric' };\r\n    var today = new Date();\r\n    var dateStr = today.toLocaleDateString('fr-FR', options);\r\n    document.getElementById('date-du-jour').textContent = dateStr;\r\n});\r\n<\/script>\r\n\r\n\t\t\t\t<\/div>\n\t\t\t\t<\/div>\n\t\t\t\t<\/div>\n\t\t<div class=\"elementor-element elementor-element-0913fed e-flex e-con-boxed e-con e-parent\" data-id=\"0913fed\" data-element_type=\"container\" data-e-type=\"container\">\n\t\t\t\t\t<div class=\"e-con-inner\">\n\t\t<div class=\"elementor-element elementor-element-ec9ed50 e-con-full e-flex e-con e-child\" data-id=\"ec9ed50\" data-element_type=\"container\" data-e-type=\"container\">\n\t\t\t\t<div class=\"elementor-element elementor-element-60312d5 elementor-widget__width-initial elementor-widget elementor-widget-text-editor\" data-id=\"60312d5\" data-element_type=\"widget\" data-e-type=\"widget\" data-widget_type=\"text-editor.default\">\n\t\t\t\t<div class=\"elementor-widget-container\">\n\t\t\t\t\t\t\t\t\t<p>Bienvenue sur la page de la section du<br \/><strong>\u00a0 \u00a0 \u00a0 \u00a0 \u00a0CENTRE DE RECHERCHES<\/strong><\/p><p>Nous vous invitons \u00e0 participer \u00e0 nos activit\u00e9s.<\/p><p>Pour adh\u00e9rer \u00e0 la section, voir contacts ci-dessous.<\/p>\t\t\t\t\t\t\t\t<\/div>\n\t\t\t\t<\/div>\n\t\t\t\t<div class=\"elementor-element elementor-element-0b3c394 elementor-widget elementor-widget-html\" data-id=\"0b3c394\" data-element_type=\"widget\" data-e-type=\"widget\" data-widget_type=\"html.default\">\n\t\t\t\t<div class=\"elementor-widget-container\">\n\t\t\t\t\t<div style=\"text-align: center;\"><strong><u>Organisation et Contacts :<\/u><\/strong><\/div>\r\n<br><br>\r\n<u>Pr\u00e9sident <\/u>: Lionel BASTIEN<br>\r\n<u>Secr\u00e9taire <\/u>: G\u00e9rard DUDOT<br>\r\n<u>Tr\u00e9sorier <\/u>: Jacky NEGRI<br>\r\n<u>Membres du bureau <\/u>: Michel CHENET, Roland ZACHARIE<br>\r\n<br><\/br>\r\nT\u00e9l : 06 43 22 37 38 <br>\r\nEMAIL : <a href=\"mailto:apamcr@orange.fr\">apamcr@orange.fr<\/a>\t\t\t\t<\/div>\n\t\t\t\t<\/div>\n\t\t\t\t<\/div>\n\t\t<div class=\"elementor-element elementor-element-7472e92 e-con-full e-flex e-con e-child\" data-id=\"7472e92\" data-element_type=\"container\" data-e-type=\"container\">\n\t\t\t\t<div class=\"elementor-element elementor-element-23b9704 elementor-widget__width-initial elementor-widget elementor-widget-html\" data-id=\"23b9704\" data-element_type=\"widget\" data-e-type=\"widget\" data-widget_type=\"html.default\">\n\t\t\t\t<div class=\"elementor-widget-container\">\n\t\t\t\t\t<iframe id=\"widget_autocomplete_preview\"  width=\"10\" height=\"320\" frameborder=\"0\" src=\"https:\/\/meteofrance.com\/widget\/prevision\/543320##23429AD1\" title=\"Pr\u00e9visions Nancy par M\u00e9t\u00e9o-France\"> <\/iframe>\t\t\t\t<\/div>\n\t\t\t\t<\/div>\n\t\t\t\t<\/div>\n\t\t\t\t\t<\/div>\n\t\t\t\t<\/div>\n\t\t<div class=\"elementor-element elementor-element-8f4d7fa e-flex e-con-boxed e-con e-parent\" data-id=\"8f4d7fa\" data-element_type=\"container\" data-e-type=\"container\">\n\t\t\t\t\t<div class=\"e-con-inner\">\n\t\t\t\t<div class=\"elementor-element elementor-element-762044c elementor-widget__width-initial elementor-widget elementor-widget-text-editor\" data-id=\"762044c\" data-element_type=\"widget\" data-e-type=\"widget\" data-widget_type=\"text-editor.default\">\n\t\t\t\t<div class=\"elementor-widget-container\">\n\t\t\t\t\t\t\t\t\t<p><strong>Activit\u00e9s :<\/strong><\/p><p style=\"font-weight: 400;\">Chers adh\u00e9rents, chers amis,<\/p><p style=\"font-weight: 400;\">Nous restons ouverts \u00e0 toutes vos propositions afin de satisfaire vos souhaits.<\/p><p style=\"font-weight: 400;\">Jacky NEGRI<\/p>\t\t\t\t\t\t\t\t<\/div>\n\t\t\t\t<\/div>\n\t\t\t\t\t<\/div>\n\t\t\t\t<\/div>\n\t\t\t\t<\/div>\n\t\t","protected":false},"excerpt":{"rendered":"<p>Section CENTRE DE RECHERCHE _ Bienvenue sur la page de la section du\u00a0 \u00a0 \u00a0 \u00a0 \u00a0CENTRE DE RECHERCHES Nous vous invitons \u00e0 participer \u00e0 nos activit\u00e9s. Pour adh\u00e9rer \u00e0 la section, voir contacts ci-dessous. Organisation et Contacts : Pr\u00e9sident : Lionel BASTIEN Secr\u00e9taire : G\u00e9rard DUDOT Tr\u00e9sorier : Jacky NEGRI Membres du bureau : [&hellip;]<\/p>\n","protected":false},"author":1,"featured_media":0,"parent":0,"menu_order":0,"comment_status":"closed","ping_status":"closed","template":"","meta":{"footnotes":""},"class_list":["post-348","page","type-page","status-publish","hentry","entry"],"yoast_head":"<!-- This site is optimized with the Yoast SEO plugin v27.3 - https:\/\/yoast.com\/product\/yoast-seo-wordpress\/ -->\n<title>C.R. - APAM<\/title>\n<meta name=\"robots\" content=\"index, follow, max-snippet:-1, max-image-preview:large, max-video-preview:-1\" \/>\n<link rel=\"canonical\" href=\"https:\/\/apam-asso.fr\/index.php\/cr\/\" \/>\n<meta property=\"og:locale\" content=\"fr_FR\" \/>\n<meta property=\"og:type\" content=\"article\" \/>\n<meta property=\"og:title\" content=\"C.R. - APAM\" \/>\n<meta property=\"og:description\" content=\"Section CENTRE DE RECHERCHE _ Bienvenue sur la page de la section du\u00a0 \u00a0 \u00a0 \u00a0 \u00a0CENTRE DE RECHERCHES Nous vous invitons \u00e0 participer \u00e0 nos activit\u00e9s. Pour adh\u00e9rer \u00e0 la section, voir contacts ci-dessous. Organisation et Contacts : Pr\u00e9sident : Lionel BASTIEN Secr\u00e9taire : G\u00e9rard DUDOT Tr\u00e9sorier : Jacky NEGRI Membres du bureau : [&hellip;]\" \/>\n<meta property=\"og:url\" content=\"https:\/\/apam-asso.fr\/index.php\/cr\/\" \/>\n<meta property=\"og:site_name\" content=\"APAM\" \/>\n<meta property=\"article:modified_time\" content=\"2026-03-03T07:35:24+00:00\" \/>\n<meta name=\"twitter:card\" content=\"summary_large_image\" \/>\n<meta name=\"twitter:label1\" content=\"Dur\u00e9e de lecture estim\u00e9e\" \/>\n\t<meta name=\"twitter:data1\" content=\"1 minute\" \/>\n<script type=\"application\/ld+json\" class=\"yoast-schema-graph\">{\"@context\":\"https:\\\/\\\/schema.org\",\"@graph\":[{\"@type\":\"WebPage\",\"@id\":\"https:\\\/\\\/apam-asso.fr\\\/index.php\\\/cr\\\/\",\"url\":\"https:\\\/\\\/apam-asso.fr\\\/index.php\\\/cr\\\/\",\"name\":\"C.R. - APAM\",\"isPartOf\":{\"@id\":\"https:\\\/\\\/apam-asso.fr\\\/#website\"},\"datePublished\":\"2025-02-25T11:34:03+00:00\",\"dateModified\":\"2026-03-03T07:35:24+00:00\",\"breadcrumb\":{\"@id\":\"https:\\\/\\\/apam-asso.fr\\\/index.php\\\/cr\\\/#breadcrumb\"},\"inLanguage\":\"fr-FR\",\"potentialAction\":[{\"@type\":\"ReadAction\",\"target\":[\"https:\\\/\\\/apam-asso.fr\\\/index.php\\\/cr\\\/\"]}]},{\"@type\":\"BreadcrumbList\",\"@id\":\"https:\\\/\\\/apam-asso.fr\\\/index.php\\\/cr\\\/#breadcrumb\",\"itemListElement\":[{\"@type\":\"ListItem\",\"position\":1,\"name\":\"Accueil\",\"item\":\"https:\\\/\\\/apam-asso.fr\\\/\"},{\"@type\":\"ListItem\",\"position\":2,\"name\":\"C.R.\"}]},{\"@type\":\"WebSite\",\"@id\":\"https:\\\/\\\/apam-asso.fr\\\/#website\",\"url\":\"https:\\\/\\\/apam-asso.fr\\\/\",\"name\":\"APAM\",\"description\":\"Association APAM : Anciens de PONT-A-MOUSSON SA et SAINT-GOBAIN PAM\",\"publisher\":{\"@id\":\"https:\\\/\\\/apam-asso.fr\\\/#organization\"},\"potentialAction\":[{\"@type\":\"SearchAction\",\"target\":{\"@type\":\"EntryPoint\",\"urlTemplate\":\"https:\\\/\\\/apam-asso.fr\\\/?s={search_term_string}\"},\"query-input\":{\"@type\":\"PropertyValueSpecification\",\"valueRequired\":true,\"valueName\":\"search_term_string\"}}],\"inLanguage\":\"fr-FR\"},{\"@type\":\"Organization\",\"@id\":\"https:\\\/\\\/apam-asso.fr\\\/#organization\",\"name\":\"APAM\",\"url\":\"https:\\\/\\\/apam-asso.fr\\\/\",\"logo\":{\"@type\":\"ImageObject\",\"inLanguage\":\"fr-FR\",\"@id\":\"https:\\\/\\\/apam-asso.fr\\\/#\\\/schema\\\/logo\\\/image\\\/\",\"url\":\"\",\"contentUrl\":\"\",\"caption\":\"APAM\"},\"image\":{\"@id\":\"https:\\\/\\\/apam-asso.fr\\\/#\\\/schema\\\/logo\\\/image\\\/\"}}]}<\/script>\n<!-- \/ Yoast SEO plugin. -->","yoast_head_json":{"title":"C.R. - APAM","robots":{"index":"index","follow":"follow","max-snippet":"max-snippet:-1","max-image-preview":"max-image-preview:large","max-video-preview":"max-video-preview:-1"},"canonical":"https:\/\/apam-asso.fr\/index.php\/cr\/","og_locale":"fr_FR","og_type":"article","og_title":"C.R. - APAM","og_description":"Section CENTRE DE RECHERCHE _ Bienvenue sur la page de la section du\u00a0 \u00a0 \u00a0 \u00a0 \u00a0CENTRE DE RECHERCHES Nous vous invitons \u00e0 participer \u00e0 nos activit\u00e9s. Pour adh\u00e9rer \u00e0 la section, voir contacts ci-dessous. Organisation et Contacts : Pr\u00e9sident : Lionel BASTIEN Secr\u00e9taire : G\u00e9rard DUDOT Tr\u00e9sorier : Jacky NEGRI Membres du bureau : [&hellip;]","og_url":"https:\/\/apam-asso.fr\/index.php\/cr\/","og_site_name":"APAM","article_modified_time":"2026-03-03T07:35:24+00:00","twitter_card":"summary_large_image","twitter_misc":{"Dur\u00e9e de lecture estim\u00e9e":"1 minute"},"schema":{"@context":"https:\/\/schema.org","@graph":[{"@type":"WebPage","@id":"https:\/\/apam-asso.fr\/index.php\/cr\/","url":"https:\/\/apam-asso.fr\/index.php\/cr\/","name":"C.R. - APAM","isPartOf":{"@id":"https:\/\/apam-asso.fr\/#website"},"datePublished":"2025-02-25T11:34:03+00:00","dateModified":"2026-03-03T07:35:24+00:00","breadcrumb":{"@id":"https:\/\/apam-asso.fr\/index.php\/cr\/#breadcrumb"},"inLanguage":"fr-FR","potentialAction":[{"@type":"ReadAction","target":["https:\/\/apam-asso.fr\/index.php\/cr\/"]}]},{"@type":"BreadcrumbList","@id":"https:\/\/apam-asso.fr\/index.php\/cr\/#breadcrumb","itemListElement":[{"@type":"ListItem","position":1,"name":"Accueil","item":"https:\/\/apam-asso.fr\/"},{"@type":"ListItem","position":2,"name":"C.R."}]},{"@type":"WebSite","@id":"https:\/\/apam-asso.fr\/#website","url":"https:\/\/apam-asso.fr\/","name":"APAM","description":"Association APAM : Anciens de PONT-A-MOUSSON SA et SAINT-GOBAIN PAM","publisher":{"@id":"https:\/\/apam-asso.fr\/#organization"},"potentialAction":[{"@type":"SearchAction","target":{"@type":"EntryPoint","urlTemplate":"https:\/\/apam-asso.fr\/?s={search_term_string}"},"query-input":{"@type":"PropertyValueSpecification","valueRequired":true,"valueName":"search_term_string"}}],"inLanguage":"fr-FR"},{"@type":"Organization","@id":"https:\/\/apam-asso.fr\/#organization","name":"APAM","url":"https:\/\/apam-asso.fr\/","logo":{"@type":"ImageObject","inLanguage":"fr-FR","@id":"https:\/\/apam-asso.fr\/#\/schema\/logo\/image\/","url":"","contentUrl":"","caption":"APAM"},"image":{"@id":"https:\/\/apam-asso.fr\/#\/schema\/logo\/image\/"}}]}},"_links":{"self":[{"href":"https:\/\/apam-asso.fr\/index.php\/wp-json\/wp\/v2\/pages\/348","targetHints":{"allow":["GET"]}}],"collection":[{"href":"https:\/\/apam-asso.fr\/index.php\/wp-json\/wp\/v2\/pages"}],"about":[{"href":"https:\/\/apam-asso.fr\/index.php\/wp-json\/wp\/v2\/types\/page"}],"author":[{"embeddable":true,"href":"https:\/\/apam-asso.fr\/index.php\/wp-json\/wp\/v2\/users\/1"}],"replies":[{"embeddable":true,"href":"https:\/\/apam-asso.fr\/index.php\/wp-json\/wp\/v2\/comments?post=348"}],"version-history":[{"count":22,"href":"https:\/\/apam-asso.fr\/index.php\/wp-json\/wp\/v2\/pages\/348\/revisions"}],"predecessor-version":[{"id":2935,"href":"https:\/\/apam-asso.fr\/index.php\/wp-json\/wp\/v2\/pages\/348\/revisions\/2935"}],"wp:attachment":[{"href":"https:\/\/apam-asso.fr\/index.php\/wp-json\/wp\/v2\/media?parent=348"}],"curies":[{"name":"wp","href":"https:\/\/api.w.org\/{rel}","templated":true}]}}