{"id":3066,"date":"2026-04-01T11:09:58","date_gmt":"2026-04-01T09:09:58","guid":{"rendered":"https:\/\/apam-asso.fr\/?page_id=3066"},"modified":"2026-04-01T11:13:53","modified_gmt":"2026-04-01T09:13:53","slug":"locations","status":"publish","type":"page","link":"https:\/\/apam-asso.fr\/index.php\/locations\/","title":{"rendered":"Offres de Location"},"content":{"rendered":"\t\t<div data-elementor-type=\"wp-page\" data-elementor-id=\"3066\" class=\"elementor elementor-3066\">\n\t\t\t\t<div class=\"elementor-element elementor-element-ae9ca1b e-flex e-con-boxed e-con e-parent\" data-id=\"ae9ca1b\" data-element_type=\"container\" data-e-type=\"container\">\n\t\t\t\t\t<div class=\"e-con-inner\">\n\t\t\t\t<div class=\"elementor-element elementor-element-d9548ea elementor-widget elementor-widget-text-editor\" data-id=\"d9548ea\" data-element_type=\"widget\" data-e-type=\"widget\" data-widget_type=\"text-editor.default\">\n\t\t\t\t<div class=\"elementor-widget-container\">\n\t\t\t\t\t\t\t\t\t<p style=\"font-weight: 400;\"><strong>CHALETS A NATZWILLER\u00a0 (67 &#8211; Alsace)<\/strong><\/p><p style=\"font-weight: 400;\">Nous vous offrons la possibilit\u00e9 de louer des g\u00eetes en Alsace, dans le domaine de la Basse du Ma\u00e7on \u00e0 Natzwiller.\u00a0<\/p><p style=\"font-weight: 400;\">Toutes les informations utiles sont accessibles via ce lien qui vous permet aussi de r\u00e9server votre chalet :\u00a0<a href=\"https:\/\/www.labassedumacon.fr\/retrait%C3%A9-pam\" target=\"_blank\" rel=\"noopener\"><span style=\"color: blue;\">https:\/\/www.labassedumacon.fr\/Apam<\/span><\/a><\/p><p style=\"font-weight: 400;\">La location est pour 3 nuits du mardi au vendredi, le s\u00e9jour est au prix de 320 euros tout compris (location et acc\u00e8s \u00e0 la piscine et au spa) pour 6 \u00e0 7 personnes maxi selon le chalet.<\/p><p style=\"font-weight: 400;\">\u00a0<\/p>\t\t\t\t\t\t\t\t<\/div>\n\t\t\t\t<\/div>\n\t\t\t\t\t<\/div>\n\t\t\t\t<\/div>\n\t\t<div class=\"elementor-element elementor-element-3036e88 e-flex e-con-boxed e-con e-parent\" data-id=\"3036e88\" data-element_type=\"container\" data-e-type=\"container\">\n\t\t\t\t\t<div class=\"e-con-inner\">\n\t\t<div class=\"elementor-element elementor-element-988a3af e-con-full e-flex e-con e-child\" data-id=\"988a3af\" data-element_type=\"container\" data-e-type=\"container\">\n\t\t\t\t<div class=\"elementor-element elementor-element-bc03199 elementor-widget elementor-widget-image\" data-id=\"bc03199\" data-element_type=\"widget\" data-e-type=\"widget\" data-widget_type=\"image.default\">\n\t\t\t\t<div class=\"elementor-widget-container\">\n\t\t\t\t\t\t\t\t\t\t\t\t\t\t\t<img fetchpriority=\"high\" decoding=\"async\" width=\"560\" height=\"202\" src=\"https:\/\/apam-asso.fr\/wp-content\/uploads\/2025\/03\/BASSE-DU-MACON.jpg\" class=\"attachment-large size-large wp-image-687\" alt=\"\" srcset=\"https:\/\/apam-asso.fr\/wp-content\/uploads\/2025\/03\/BASSE-DU-MACON.jpg 560w, https:\/\/apam-asso.fr\/wp-content\/uploads\/2025\/03\/BASSE-DU-MACON-300x108.jpg 300w\" sizes=\"(max-width: 560px) 100vw, 560px\" \/>\t\t\t\t\t\t\t\t\t\t\t\t\t\t\t<\/div>\n\t\t\t\t<\/div>\n\t\t\t\t<\/div>\n\t\t<div class=\"elementor-element elementor-element-2d0a9d8 e-con-full e-flex e-con e-child\" data-id=\"2d0a9d8\" data-element_type=\"container\" data-e-type=\"container\">\n\t\t\t\t<div class=\"elementor-element elementor-element-7fb8123 elementor-widget elementor-widget-image\" data-id=\"7fb8123\" data-element_type=\"widget\" data-e-type=\"widget\" data-widget_type=\"image.default\">\n\t\t\t\t<div class=\"elementor-widget-container\">\n\t\t\t\t\t\t\t\t\t\t\t\t\t\t\t<img decoding=\"async\" width=\"356\" height=\"325\" src=\"https:\/\/apam-asso.fr\/wp-content\/uploads\/2025\/03\/LE-CHALET.jpg\" class=\"attachment-large size-large wp-image-684\" alt=\"\" srcset=\"https:\/\/apam-asso.fr\/wp-content\/uploads\/2025\/03\/LE-CHALET.jpg 356w, https:\/\/apam-asso.fr\/wp-content\/uploads\/2025\/03\/LE-CHALET-300x274.jpg 300w\" sizes=\"(max-width: 356px) 100vw, 356px\" \/>\t\t\t\t\t\t\t\t\t\t\t\t\t\t\t<\/div>\n\t\t\t\t<\/div>\n\t\t\t\t<\/div>\n\t\t<div class=\"elementor-element elementor-element-eea67fe e-con-full e-flex e-con e-child\" data-id=\"eea67fe\" data-element_type=\"container\" data-e-type=\"container\">\n\t\t<div class=\"elementor-element elementor-element-09a8679 e-con-full e-flex e-con e-child\" data-id=\"09a8679\" data-element_type=\"container\" data-e-type=\"container\">\n\t\t\t\t<div class=\"elementor-element elementor-element-5843703 elementor-widget elementor-widget-image\" data-id=\"5843703\" data-element_type=\"widget\" data-e-type=\"widget\" data-widget_type=\"image.default\">\n\t\t\t\t<div class=\"elementor-widget-container\">\n\t\t\t\t\t\t\t\t\t\t\t\t\t\t\t<img decoding=\"async\" width=\"477\" height=\"348\" src=\"https:\/\/apam-asso.fr\/wp-content\/uploads\/2025\/03\/LA-FERME.jpg\" class=\"attachment-large size-large wp-image-685\" alt=\"\" srcset=\"https:\/\/apam-asso.fr\/wp-content\/uploads\/2025\/03\/LA-FERME.jpg 477w, https:\/\/apam-asso.fr\/wp-content\/uploads\/2025\/03\/LA-FERME-300x219.jpg 300w\" sizes=\"(max-width: 477px) 100vw, 477px\" \/>\t\t\t\t\t\t\t\t\t\t\t\t\t\t\t<\/div>\n\t\t\t\t<\/div>\n\t\t\t\t<div class=\"elementor-element elementor-element-8b98f39 elementor-widget elementor-widget-image\" data-id=\"8b98f39\" data-element_type=\"widget\" data-e-type=\"widget\" data-widget_type=\"image.default\">\n\t\t\t\t<div class=\"elementor-widget-container\">\n\t\t\t\t\t\t\t\t\t\t\t\t\t\t\t<img loading=\"lazy\" decoding=\"async\" width=\"476\" height=\"320\" src=\"https:\/\/apam-asso.fr\/wp-content\/uploads\/2025\/03\/PISCINE.jpg\" class=\"attachment-large size-large wp-image-686\" alt=\"\" srcset=\"https:\/\/apam-asso.fr\/wp-content\/uploads\/2025\/03\/PISCINE.jpg 476w, https:\/\/apam-asso.fr\/wp-content\/uploads\/2025\/03\/PISCINE-300x202.jpg 300w\" sizes=\"(max-width: 476px) 100vw, 476px\" \/>\t\t\t\t\t\t\t\t\t\t\t\t\t\t\t<\/div>\n\t\t\t\t<\/div>\n\t\t\t\t<\/div>\n\t\t\t\t<\/div>\n\t\t\t\t\t<\/div>\n\t\t\t\t<\/div>\n\t\t<div class=\"elementor-element elementor-element-9b1bf29 e-flex e-con-boxed e-con e-parent\" data-id=\"9b1bf29\" data-element_type=\"container\" data-e-type=\"container\">\n\t\t\t\t\t<div class=\"e-con-inner\">\n\t\t\t\t<div class=\"elementor-element elementor-element-b202668 elementor-widget elementor-widget-text-editor\" data-id=\"b202668\" data-element_type=\"widget\" data-e-type=\"widget\" data-widget_type=\"text-editor.default\">\n\t\t\t\t<div class=\"elementor-widget-container\">\n\t\t\t\t\t\t\t\t\t<p>\u00a0<\/p><p><strong>CHALET AU THOLY (88 Vosges)<\/strong><\/p><p>Nous vous offrons la possibilit\u00e9 de louer le chalet du Tholy appartenant au CSE (ex CE) Si\u00e8ge et Agences.<\/p><p>Ce chalet a une capacit\u00e9 maximum de 6 personnes, il s\u2019agit d\u2019un appartement de 35 m2 dans un chalet au Rain Brice. Il est tout \u00e9quip\u00e9 et poss\u00e8de un balcon. Vous pourrez lire toutes les informations utiles et pratiques ci dessous.\u00a0<\/p><p><strong>Pour r\u00e9server, rien de plus simple\u00a0!<\/strong><\/p><p><strong>Vous envoyez un mail\u00a0\u00e0 : <\/strong><a href=\"mailto:cse-pam@saint-gobain.com\"><strong>cse-pam@saint-gobain.com<\/strong><\/a><strong> avec en copie l\u2019adresse mail de l\u2019apam <\/strong><a href=\"mailto:association.apam@laposte.net\"><strong>association.apam@laposte.net<\/strong><\/a> en indiquant la p\u00e9riode souhait\u00e9e. Tout le calendrier de l\u2019ann\u00e9e est ouvert aux retrait\u00e9s\u00a0: week end, semaine, pas de minimum de jours.<\/p><p>Le prix est de 25 euros par nuit pour l\u2019ensemble des occupants. Le CSE vous enverra ensuite un mail pour vous confirmer ou non votre location (chalet libre ou d\u00e9j\u00e0 r\u00e9serv\u00e9) et vous fournira le RIB pour le virement du montant de la location. Les cl\u00e9s seront \u00e0 r\u00e9cup\u00e9rer aupr\u00e8s de l&rsquo;APAM.<\/p>\t\t\t\t\t\t\t\t<\/div>\n\t\t\t\t<\/div>\n\t\t\t\t\t<\/div>\n\t\t\t\t<\/div>\n\t\t<div class=\"elementor-element elementor-element-3396a67 e-flex e-con-boxed e-con e-parent\" data-id=\"3396a67\" data-element_type=\"container\" data-e-type=\"container\">\n\t\t\t\t\t<div class=\"e-con-inner\">\n\t\t<div class=\"elementor-element elementor-element-ac52988 e-con-full e-flex e-con e-child\" data-id=\"ac52988\" data-element_type=\"container\" data-e-type=\"container\">\n\t\t\t\t<div class=\"elementor-element elementor-element-45df996 elementor-widget elementor-widget-image\" data-id=\"45df996\" data-element_type=\"widget\" data-e-type=\"widget\" data-widget_type=\"image.default\">\n\t\t\t\t<div class=\"elementor-widget-container\">\n\t\t\t\t\t\t\t\t\t\t\t\t\t\t\t<img loading=\"lazy\" decoding=\"async\" width=\"640\" height=\"912\" src=\"https:\/\/apam-asso.fr\/wp-content\/uploads\/2025\/03\/Capture-decran-2025-03-17-171814-1.jpg\" class=\"attachment-large size-large wp-image-713\" alt=\"\" srcset=\"https:\/\/apam-asso.fr\/wp-content\/uploads\/2025\/03\/Capture-decran-2025-03-17-171814-1.jpg 640w, https:\/\/apam-asso.fr\/wp-content\/uploads\/2025\/03\/Capture-decran-2025-03-17-171814-1-211x300.jpg 211w\" sizes=\"(max-width: 640px) 100vw, 640px\" \/>\t\t\t\t\t\t\t\t\t\t\t\t\t\t\t<\/div>\n\t\t\t\t<\/div>\n\t\t\t\t<\/div>\n\t\t<div class=\"elementor-element elementor-element-d66ad29 e-con-full e-flex e-con e-child\" data-id=\"d66ad29\" data-element_type=\"container\" data-e-type=\"container\">\n\t\t\t\t<div class=\"elementor-element elementor-element-627e9ba elementor-widget elementor-widget-image\" data-id=\"627e9ba\" data-element_type=\"widget\" data-e-type=\"widget\" data-widget_type=\"image.default\">\n\t\t\t\t<div class=\"elementor-widget-container\">\n\t\t\t\t\t\t\t\t\t\t\t\t\t\t\t<img loading=\"lazy\" decoding=\"async\" width=\"637\" height=\"907\" src=\"https:\/\/apam-asso.fr\/wp-content\/uploads\/2025\/03\/Capture-decran-2025-03-17-171917-2.jpg\" class=\"attachment-large size-large wp-image-712\" alt=\"\" srcset=\"https:\/\/apam-asso.fr\/wp-content\/uploads\/2025\/03\/Capture-decran-2025-03-17-171917-2.jpg 637w, https:\/\/apam-asso.fr\/wp-content\/uploads\/2025\/03\/Capture-decran-2025-03-17-171917-2-211x300.jpg 211w\" sizes=\"(max-width: 637px) 100vw, 637px\" \/>\t\t\t\t\t\t\t\t\t\t\t\t\t\t\t<\/div>\n\t\t\t\t<\/div>\n\t\t\t\t<\/div>\n\t\t<div class=\"elementor-element elementor-element-dc80cd4 e-con-full e-flex e-con e-child\" data-id=\"dc80cd4\" data-element_type=\"container\" data-e-type=\"container\">\n\t\t\t\t<div class=\"elementor-element elementor-element-866f6aa elementor-widget elementor-widget-image\" data-id=\"866f6aa\" data-element_type=\"widget\" data-e-type=\"widget\" data-widget_type=\"image.default\">\n\t\t\t\t<div class=\"elementor-widget-container\">\n\t\t\t\t\t\t\t\t\t\t\t\t\t\t\t<img loading=\"lazy\" decoding=\"async\" width=\"622\" height=\"907\" src=\"https:\/\/apam-asso.fr\/wp-content\/uploads\/2025\/03\/Capture-decran-2025-03-17-171946-3.jpg\" class=\"attachment-large size-large wp-image-714\" alt=\"\" srcset=\"https:\/\/apam-asso.fr\/wp-content\/uploads\/2025\/03\/Capture-decran-2025-03-17-171946-3.jpg 622w, https:\/\/apam-asso.fr\/wp-content\/uploads\/2025\/03\/Capture-decran-2025-03-17-171946-3-206x300.jpg 206w\" sizes=\"(max-width: 622px) 100vw, 622px\" \/>\t\t\t\t\t\t\t\t\t\t\t\t\t\t\t<\/div>\n\t\t\t\t<\/div>\n\t\t\t\t<\/div>\n\t\t<div class=\"elementor-element elementor-element-fafafde e-con-full e-flex e-con e-child\" data-id=\"fafafde\" data-element_type=\"container\" data-e-type=\"container\">\n\t\t\t\t<div class=\"elementor-element elementor-element-4958451 elementor-widget elementor-widget-image\" data-id=\"4958451\" data-element_type=\"widget\" data-e-type=\"widget\" data-widget_type=\"image.default\">\n\t\t\t\t<div class=\"elementor-widget-container\">\n\t\t\t\t\t\t\t\t\t\t\t\t\t\t\t<img loading=\"lazy\" decoding=\"async\" width=\"683\" height=\"1024\" src=\"https:\/\/apam-asso.fr\/wp-content\/uploads\/2025\/03\/pexels-photo-29224000-29224000-683x1024.jpg\" class=\"attachment-large size-large wp-image-715\" alt=\"Peaceful view of a lake surrounded by forest in Pierre-Perc\u00e9e, France.\" srcset=\"https:\/\/apam-asso.fr\/wp-content\/uploads\/2025\/03\/pexels-photo-29224000-29224000-683x1024.jpg 683w, https:\/\/apam-asso.fr\/wp-content\/uploads\/2025\/03\/pexels-photo-29224000-29224000-200x300.jpg 200w, https:\/\/apam-asso.fr\/wp-content\/uploads\/2025\/03\/pexels-photo-29224000-29224000-768x1152.jpg 768w, https:\/\/apam-asso.fr\/wp-content\/uploads\/2025\/03\/pexels-photo-29224000-29224000-1024x1536.jpg 1024w, https:\/\/apam-asso.fr\/wp-content\/uploads\/2025\/03\/pexels-photo-29224000-29224000-1365x2048.jpg 1365w, https:\/\/apam-asso.fr\/wp-content\/uploads\/2025\/03\/pexels-photo-29224000-29224000-scaled.jpg 1707w\" sizes=\"(max-width: 683px) 100vw, 683px\" \/>\t\t\t\t\t\t\t\t\t\t\t\t\t\t\t<\/div>\n\t\t\t\t<\/div>\n\t\t\t\t<\/div>\n\t\t\t\t\t<\/div>\n\t\t\t\t<\/div>\n\t\t\t\t<\/div>\n\t\t","protected":false},"excerpt":{"rendered":"<p>CHALETS A NATZWILLER\u00a0 (67 &#8211; Alsace) Nous vous offrons la possibilit\u00e9 de louer des g\u00eetes en Alsace, dans le domaine de la Basse du Ma\u00e7on \u00e0 Natzwiller.\u00a0 Toutes les informations utiles sont accessibles via ce lien qui vous permet aussi de r\u00e9server votre chalet :\u00a0https:\/\/www.labassedumacon.fr\/Apam La location est pour 3 nuits du mardi au vendredi, [&hellip;]<\/p>\n","protected":false},"author":1,"featured_media":0,"parent":0,"menu_order":0,"comment_status":"closed","ping_status":"closed","template":"","meta":{"footnotes":""},"class_list":["post-3066","page","type-page","status-publish","hentry","entry"],"yoast_head":"<!-- This site is optimized with the Yoast SEO plugin v27.3 - https:\/\/yoast.com\/product\/yoast-seo-wordpress\/ -->\n<title>Offres de Location - APAM<\/title>\n<meta name=\"robots\" content=\"index, follow, max-snippet:-1, max-image-preview:large, max-video-preview:-1\" \/>\n<link rel=\"canonical\" href=\"https:\/\/apam-asso.fr\/index.php\/locations\/\" \/>\n<meta property=\"og:locale\" content=\"fr_FR\" \/>\n<meta property=\"og:type\" content=\"article\" \/>\n<meta property=\"og:title\" content=\"Offres de Location - APAM\" \/>\n<meta property=\"og:description\" content=\"CHALETS A NATZWILLER\u00a0 (67 &#8211; Alsace) Nous vous offrons la possibilit\u00e9 de louer des g\u00eetes en Alsace, dans le domaine de la Basse du Ma\u00e7on \u00e0 Natzwiller.\u00a0 Toutes les informations utiles sont accessibles via ce lien qui vous permet aussi de r\u00e9server votre chalet :\u00a0https:\/\/www.labassedumacon.fr\/Apam La location est pour 3 nuits du mardi au vendredi, [&hellip;]\" \/>\n<meta property=\"og:url\" content=\"https:\/\/apam-asso.fr\/index.php\/locations\/\" \/>\n<meta property=\"og:site_name\" content=\"APAM\" \/>\n<meta property=\"article:modified_time\" content=\"2026-04-01T09:13:53+00:00\" \/>\n<meta property=\"og:image\" content=\"https:\/\/apam-asso.fr\/wp-content\/uploads\/2025\/03\/BASSE-DU-MACON.jpg\" \/>\n\t<meta property=\"og:image:width\" content=\"560\" \/>\n\t<meta property=\"og:image:height\" content=\"202\" \/>\n\t<meta property=\"og:image:type\" content=\"image\/jpeg\" \/>\n<meta name=\"twitter:card\" content=\"summary_large_image\" \/>\n<meta name=\"twitter:label1\" content=\"Dur\u00e9e de lecture estim\u00e9e\" \/>\n\t<meta name=\"twitter:data1\" content=\"3 minutes\" \/>\n<script type=\"application\/ld+json\" class=\"yoast-schema-graph\">{\"@context\":\"https:\\\/\\\/schema.org\",\"@graph\":[{\"@type\":\"WebPage\",\"@id\":\"https:\\\/\\\/apam-asso.fr\\\/index.php\\\/locations\\\/\",\"url\":\"https:\\\/\\\/apam-asso.fr\\\/index.php\\\/locations\\\/\",\"name\":\"Offres de Location - APAM\",\"isPartOf\":{\"@id\":\"https:\\\/\\\/apam-asso.fr\\\/#website\"},\"primaryImageOfPage\":{\"@id\":\"https:\\\/\\\/apam-asso.fr\\\/index.php\\\/locations\\\/#primaryimage\"},\"image\":{\"@id\":\"https:\\\/\\\/apam-asso.fr\\\/index.php\\\/locations\\\/#primaryimage\"},\"thumbnailUrl\":\"https:\\\/\\\/apam-asso.fr\\\/wp-content\\\/uploads\\\/2025\\\/03\\\/BASSE-DU-MACON.jpg\",\"datePublished\":\"2026-04-01T09:09:58+00:00\",\"dateModified\":\"2026-04-01T09:13:53+00:00\",\"breadcrumb\":{\"@id\":\"https:\\\/\\\/apam-asso.fr\\\/index.php\\\/locations\\\/#breadcrumb\"},\"inLanguage\":\"fr-FR\",\"potentialAction\":[{\"@type\":\"ReadAction\",\"target\":[\"https:\\\/\\\/apam-asso.fr\\\/index.php\\\/locations\\\/\"]}]},{\"@type\":\"ImageObject\",\"inLanguage\":\"fr-FR\",\"@id\":\"https:\\\/\\\/apam-asso.fr\\\/index.php\\\/locations\\\/#primaryimage\",\"url\":\"https:\\\/\\\/apam-asso.fr\\\/wp-content\\\/uploads\\\/2025\\\/03\\\/BASSE-DU-MACON.jpg\",\"contentUrl\":\"https:\\\/\\\/apam-asso.fr\\\/wp-content\\\/uploads\\\/2025\\\/03\\\/BASSE-DU-MACON.jpg\",\"width\":560,\"height\":202},{\"@type\":\"BreadcrumbList\",\"@id\":\"https:\\\/\\\/apam-asso.fr\\\/index.php\\\/locations\\\/#breadcrumb\",\"itemListElement\":[{\"@type\":\"ListItem\",\"position\":1,\"name\":\"Accueil\",\"item\":\"https:\\\/\\\/apam-asso.fr\\\/\"},{\"@type\":\"ListItem\",\"position\":2,\"name\":\"Offres de Location\"}]},{\"@type\":\"WebSite\",\"@id\":\"https:\\\/\\\/apam-asso.fr\\\/#website\",\"url\":\"https:\\\/\\\/apam-asso.fr\\\/\",\"name\":\"APAM\",\"description\":\"Association APAM : Anciens de PONT-A-MOUSSON SA et SAINT-GOBAIN PAM\",\"publisher\":{\"@id\":\"https:\\\/\\\/apam-asso.fr\\\/#organization\"},\"potentialAction\":[{\"@type\":\"SearchAction\",\"target\":{\"@type\":\"EntryPoint\",\"urlTemplate\":\"https:\\\/\\\/apam-asso.fr\\\/?s={search_term_string}\"},\"query-input\":{\"@type\":\"PropertyValueSpecification\",\"valueRequired\":true,\"valueName\":\"search_term_string\"}}],\"inLanguage\":\"fr-FR\"},{\"@type\":\"Organization\",\"@id\":\"https:\\\/\\\/apam-asso.fr\\\/#organization\",\"name\":\"APAM\",\"url\":\"https:\\\/\\\/apam-asso.fr\\\/\",\"logo\":{\"@type\":\"ImageObject\",\"inLanguage\":\"fr-FR\",\"@id\":\"https:\\\/\\\/apam-asso.fr\\\/#\\\/schema\\\/logo\\\/image\\\/\",\"url\":\"\",\"contentUrl\":\"\",\"caption\":\"APAM\"},\"image\":{\"@id\":\"https:\\\/\\\/apam-asso.fr\\\/#\\\/schema\\\/logo\\\/image\\\/\"}}]}<\/script>\n<!-- \/ Yoast SEO plugin. -->","yoast_head_json":{"title":"Offres de Location - APAM","robots":{"index":"index","follow":"follow","max-snippet":"max-snippet:-1","max-image-preview":"max-image-preview:large","max-video-preview":"max-video-preview:-1"},"canonical":"https:\/\/apam-asso.fr\/index.php\/locations\/","og_locale":"fr_FR","og_type":"article","og_title":"Offres de Location - APAM","og_description":"CHALETS A NATZWILLER\u00a0 (67 &#8211; Alsace) Nous vous offrons la possibilit\u00e9 de louer des g\u00eetes en Alsace, dans le domaine de la Basse du Ma\u00e7on \u00e0 Natzwiller.\u00a0 Toutes les informations utiles sont accessibles via ce lien qui vous permet aussi de r\u00e9server votre chalet :\u00a0https:\/\/www.labassedumacon.fr\/Apam La location est pour 3 nuits du mardi au vendredi, [&hellip;]","og_url":"https:\/\/apam-asso.fr\/index.php\/locations\/","og_site_name":"APAM","article_modified_time":"2026-04-01T09:13:53+00:00","og_image":[{"width":560,"height":202,"url":"https:\/\/apam-asso.fr\/wp-content\/uploads\/2025\/03\/BASSE-DU-MACON.jpg","type":"image\/jpeg"}],"twitter_card":"summary_large_image","twitter_misc":{"Dur\u00e9e de lecture estim\u00e9e":"3 minutes"},"schema":{"@context":"https:\/\/schema.org","@graph":[{"@type":"WebPage","@id":"https:\/\/apam-asso.fr\/index.php\/locations\/","url":"https:\/\/apam-asso.fr\/index.php\/locations\/","name":"Offres de Location - APAM","isPartOf":{"@id":"https:\/\/apam-asso.fr\/#website"},"primaryImageOfPage":{"@id":"https:\/\/apam-asso.fr\/index.php\/locations\/#primaryimage"},"image":{"@id":"https:\/\/apam-asso.fr\/index.php\/locations\/#primaryimage"},"thumbnailUrl":"https:\/\/apam-asso.fr\/wp-content\/uploads\/2025\/03\/BASSE-DU-MACON.jpg","datePublished":"2026-04-01T09:09:58+00:00","dateModified":"2026-04-01T09:13:53+00:00","breadcrumb":{"@id":"https:\/\/apam-asso.fr\/index.php\/locations\/#breadcrumb"},"inLanguage":"fr-FR","potentialAction":[{"@type":"ReadAction","target":["https:\/\/apam-asso.fr\/index.php\/locations\/"]}]},{"@type":"ImageObject","inLanguage":"fr-FR","@id":"https:\/\/apam-asso.fr\/index.php\/locations\/#primaryimage","url":"https:\/\/apam-asso.fr\/wp-content\/uploads\/2025\/03\/BASSE-DU-MACON.jpg","contentUrl":"https:\/\/apam-asso.fr\/wp-content\/uploads\/2025\/03\/BASSE-DU-MACON.jpg","width":560,"height":202},{"@type":"BreadcrumbList","@id":"https:\/\/apam-asso.fr\/index.php\/locations\/#breadcrumb","itemListElement":[{"@type":"ListItem","position":1,"name":"Accueil","item":"https:\/\/apam-asso.fr\/"},{"@type":"ListItem","position":2,"name":"Offres de Location"}]},{"@type":"WebSite","@id":"https:\/\/apam-asso.fr\/#website","url":"https:\/\/apam-asso.fr\/","name":"APAM","description":"Association APAM : Anciens de PONT-A-MOUSSON SA et SAINT-GOBAIN PAM","publisher":{"@id":"https:\/\/apam-asso.fr\/#organization"},"potentialAction":[{"@type":"SearchAction","target":{"@type":"EntryPoint","urlTemplate":"https:\/\/apam-asso.fr\/?s={search_term_string}"},"query-input":{"@type":"PropertyValueSpecification","valueRequired":true,"valueName":"search_term_string"}}],"inLanguage":"fr-FR"},{"@type":"Organization","@id":"https:\/\/apam-asso.fr\/#organization","name":"APAM","url":"https:\/\/apam-asso.fr\/","logo":{"@type":"ImageObject","inLanguage":"fr-FR","@id":"https:\/\/apam-asso.fr\/#\/schema\/logo\/image\/","url":"","contentUrl":"","caption":"APAM"},"image":{"@id":"https:\/\/apam-asso.fr\/#\/schema\/logo\/image\/"}}]}},"_links":{"self":[{"href":"https:\/\/apam-asso.fr\/index.php\/wp-json\/wp\/v2\/pages\/3066","targetHints":{"allow":["GET"]}}],"collection":[{"href":"https:\/\/apam-asso.fr\/index.php\/wp-json\/wp\/v2\/pages"}],"about":[{"href":"https:\/\/apam-asso.fr\/index.php\/wp-json\/wp\/v2\/types\/page"}],"author":[{"embeddable":true,"href":"https:\/\/apam-asso.fr\/index.php\/wp-json\/wp\/v2\/users\/1"}],"replies":[{"embeddable":true,"href":"https:\/\/apam-asso.fr\/index.php\/wp-json\/wp\/v2\/comments?post=3066"}],"version-history":[{"count":6,"href":"https:\/\/apam-asso.fr\/index.php\/wp-json\/wp\/v2\/pages\/3066\/revisions"}],"predecessor-version":[{"id":3073,"href":"https:\/\/apam-asso.fr\/index.php\/wp-json\/wp\/v2\/pages\/3066\/revisions\/3073"}],"wp:attachment":[{"href":"https:\/\/apam-asso.fr\/index.php\/wp-json\/wp\/v2\/media?parent=3066"}],"curies":[{"name":"wp","href":"https:\/\/api.w.org\/{rel}","templated":true}]}}